{"id":7654,"date":"2023-11-02T14:50:58","date_gmt":"2023-11-02T13:50:58","guid":{"rendered":"https:\/\/venilia.insektenschutz365.eu\/p\/whiteboard-folie-45x150cm\/"},"modified":"2024-09-16T10:38:25","modified_gmt":"2024-09-16T08:38:25","slug":"whiteboard-folie-45x150cm","status":"publish","type":"product","link":"https:\/\/www.venilia.com\/de\/p\/whiteboard-folie-45x150cm\/","title":{"rendered":"Whiteboard Folie &#8211; 45x150cm"},"content":{"rendered":"<h2>Ein Whiteboard als Folie<\/h2>\n<p>Sie suchen eine praktische M\u00f6glichkeit, um sich Skizzen oder Notizen zu machen? Dann haben Sie sie mit dieser selbstklebenden Whiteboard-Folie gefunden. Platzsparend und praktisch.<\/p>\n<h3>Sorgenfrei wie nie<\/h3>\n<p>Die Wei\u00dfwandtafel als Folie enth\u00e4lt keine sch\u00e4dlichen Weichmacher und ist&nbsp;schnell und ohne Werkzeug angebracht. Die Beschriftung erfolgt ganz einfach mithilfe von wasserl\u00f6slichen (Whiteboard) Markern.<\/p>\n","protected":false},"excerpt":{"rendered":"<p><UL><LI>SELBSTKLEBEND \u2013 Gl\u00e4nzende Whiteboard Folie f\u00fcr tempor\u00e4re Notizen und Zeichnungen<\/LI><LI>ZU BESCHRIFTEN \u2013 Mit wasserl\u00f6slichen Stiften; trocken oder feucht abwischbar<\/LI><LI>SICHER &#8211; Die Folie enth\u00e4lt keine sch\u00e4dlichen Weichmacher (Phthalate)<\/LI><LI>LANGLEBIG \u2013 Widerstandsf\u00e4higes, rei\u00dffestes Material, klebt von selbst auf fast allen glatten Oberfl\u00e4chen<\/LI><LI>INDIVIDUELLES ZUSCHNEIDEN \u2013 Einfach und exakt dank Gitterlinien auf der R\u00fcckseite<\/LI><\/UL><\/p>\n","protected":false},"featured_media":52572,"template":"","meta":[],"product_cat":[1525,53,64,1522],"product_tag":[],"wcpa_form_fields":null,"tiered_pricing_type":"fixed","tiered_pricing_fixed_rules":[],"_links":{"self":[{"href":"https:\/\/www.venilia.com\/de\/wp-json\/wp\/v2\/product\/7654"}],"collection":[{"href":"https:\/\/www.venilia.com\/de\/wp-json\/wp\/v2\/product"}],"about":[{"href":"https:\/\/www.venilia.com\/de\/wp-json\/wp\/v2\/types\/product"}],"wp:featuredmedia":[{"embeddable":true,"href":"https:\/\/www.venilia.com\/de\/wp-json\/wp\/v2\/media\/52572"}],"wp:attachment":[{"href":"https:\/\/www.venilia.com\/de\/wp-json\/wp\/v2\/media?parent=7654"}],"wp:term":[{"taxonomy":"product_cat","embeddable":true,"href":"https:\/\/www.venilia.com\/de\/wp-json\/wp\/v2\/product_cat?post=7654"},{"taxonomy":"product_tag","embeddable":true,"href":"https:\/\/www.venilia.com\/de\/wp-json\/wp\/v2\/product_tag?post=7654"}],"curies":[{"name":"wp","href":"https:\/\/api.w.org\/{rel}","templated":true}]}}