{"id":7577,"date":"2023-11-02T16:46:33","date_gmt":"2023-11-02T15:46:33","guid":{"rendered":"https:\/\/venilia.insektenschutz365.eu\/p\/klebefolie-brett-grau-45x300cm\/"},"modified":"2025-02-05T13:26:47","modified_gmt":"2025-02-05T12:26:47","slug":"klebefolie-brett-grau-45x300cm","status":"publish","type":"product","link":"https:\/\/www.venilia.com\/de\/p\/klebefolie-brett-grau-45x300cm\/","title":{"rendered":"Klebefolie Brett grau &#8211; 45x300cm"},"content":{"rendered":"<h2>Ideen verwirklichen mit Dekorfolien von V\u00e9nilia<\/h2>\n<p>Ob bunte Farben oder Holzoptik: die Deco Folien von V\u00e9nilia machen ein M\u00f6bel-Umstyling und verschiedenste Bastelarbeiten zum besten\u00a0Preis-Leistungsverh\u00e4ltnis m\u00f6glich. Sie sind leicht anzubringen und abwischbar. Zus\u00e4tzliches Must-have: Die Folie enth\u00e4lt keine Phthalate, also keine sch\u00e4dlichen Weichmacher.<\/p>\n<h3>Vielseitig in der Anwendung<\/h3>\n<p>Nicht nur M\u00f6bel k\u00f6nnen mit diesen Dekorfolien versch\u00f6nert werden, sondern auch andere Oberfl\u00e4chen aller Art (z. B. Tabletts, Schmuckk\u00e4sten, Gl\u00e4ser, Kartons, \u2026). Innerhalb von 20 Minuten nach der Anbringung l\u00e4sst sich die Folie neu positionieren, denn erst danach ist der Kleber fixiert. Und wenn Ihnen nach erneuter Ver\u00e4nderung ist, k\u00f6nnen Sie die Folie einfach wieder abmachen!<\/p>\n","protected":false},"excerpt":{"rendered":"<ul>\n<li>SELBSTKLEBEND \u2013 Selbstklebende, besonders indoor-geeignete Motivfolie<\/li>\n<li>ALLROUNDER \u2013 Optimal f\u00fcr glatte, kleinere Fl\u00e4chen aus Holz, Metall, Glas und Papier<\/li>\n<li>SICHER \u2013 Entwicklung und Herstellung in Europa; frei von Phthalaten<\/li>\n<li>ROBUST &#8211; Wasser- und hitzebest\u00e4ndig, leicht abwischbar<\/li>\n<li>EINFACHES ANBRINGEN \u2013 Schnell angebracht und nur 20 Minuten Fixierungszeit<\/li>\n<\/ul>\n","protected":false},"featured_media":53799,"template":"","meta":[],"product_cat":[53,1527,54,1531,1530,1534,1533,1535],"product_tag":[],"wcpa_form_fields":null,"tiered_pricing_type":"fixed","tiered_pricing_fixed_rules":[],"_links":{"self":[{"href":"https:\/\/www.venilia.com\/de\/wp-json\/wp\/v2\/product\/7577"}],"collection":[{"href":"https:\/\/www.venilia.com\/de\/wp-json\/wp\/v2\/product"}],"about":[{"href":"https:\/\/www.venilia.com\/de\/wp-json\/wp\/v2\/types\/product"}],"wp:featuredmedia":[{"embeddable":true,"href":"https:\/\/www.venilia.com\/de\/wp-json\/wp\/v2\/media\/53799"}],"wp:attachment":[{"href":"https:\/\/www.venilia.com\/de\/wp-json\/wp\/v2\/media?parent=7577"}],"wp:term":[{"taxonomy":"product_cat","embeddable":true,"href":"https:\/\/www.venilia.com\/de\/wp-json\/wp\/v2\/product_cat?post=7577"},{"taxonomy":"product_tag","embeddable":true,"href":"https:\/\/www.venilia.com\/de\/wp-json\/wp\/v2\/product_tag?post=7577"}],"curies":[{"name":"wp","href":"https:\/\/api.w.org\/{rel}","templated":true}]}}