{"id":49811,"date":"2023-11-02T16:44:51","date_gmt":"2023-11-02T15:44:51","guid":{"rendered":"https:\/\/www.venilia.com\/p\/tischset-snowflakes-weiss-transparent\/"},"modified":"2024-11-11T08:56:11","modified_gmt":"2024-11-11T07:56:11","slug":"tischset-snowflakes-weiss-transparent","status":"publish","type":"product","link":"https:\/\/www.venilia.com\/de\/p\/tischset-snowflakes-weiss-transparent\/","title":{"rendered":"Tischset Snowflakes wei\u00df-transparent"},"content":{"rendered":"<h2>Winterzauber am Tisch<\/h2>\n<p>Eine Prise Winter gew\u00fcrzt mit einem Hauch von Weihnachten: die\u00a0<strong>Tischsets<\/strong>\u00a0bringen Sie in die richtige\u00a0Stimmung! Einfach und praktisch in der Anwendung, setzen sie ganz nebenbei sch\u00f6ne Akzente am Esstisch oder unterstreichen die winterliche Dekoraktion.<\/p>\n<h2>Stabiler, schneller Schutz<\/h2>\n<p>Mit diesem leicht abwischbaren und aus stabilem Kunststoff gemachten Platzset sch\u00fctzen Sie Ihre Tischplatten und Oberfl\u00e4chen zuverl\u00e4ssig vor Kratzern. Zus\u00e4tzliches Plus: Sie sind schneller aufgelegt als eine Tischdecke.<\/p>\n<h2>Mahlzeiten sicher genie\u00dfen<\/h2>\n<p>Die glatten Platzsets zeichnen sich durch Lebensmittelechtheit aus und verzichten auf Phthalate.<\/p>\n","protected":false},"excerpt":{"rendered":"<ul>\n<li>ALLROUNDER PLATZSETS \u2013 Optischer Hingucker und Schutz f\u00fcr die Tischplatte in einem<\/li>\n<li>PFLEGELEICHT &amp; STARK \u2013 Die Oberfl\u00e4che ist schmutz- sowie wasserabweisend und gut abwischbar<\/li>\n<li>RECHTECKIG &amp; RUND \u2013 Rechteckige Tischsets mit abgerundeten Ecken, stabil verarbeitet<\/li>\n<li>SICHERER GENUSS \u2013 Phthalatfrei und Food Contact-Siegel<\/li>\n<li>EINFACHE HANDHABUNG \u2013 Im Nu ist aufgedeckt, noch praktischer als eine Tischdecke<\/li>\n<\/ul>\n","protected":false},"featured_media":53109,"template":"","meta":[],"product_cat":[91,1540,1544,87],"product_tag":[],"wcpa_form_fields":null,"tiered_pricing_type":"fixed","tiered_pricing_fixed_rules":[],"_links":{"self":[{"href":"https:\/\/www.venilia.com\/de\/wp-json\/wp\/v2\/product\/49811"}],"collection":[{"href":"https:\/\/www.venilia.com\/de\/wp-json\/wp\/v2\/product"}],"about":[{"href":"https:\/\/www.venilia.com\/de\/wp-json\/wp\/v2\/types\/product"}],"wp:featuredmedia":[{"embeddable":true,"href":"https:\/\/www.venilia.com\/de\/wp-json\/wp\/v2\/media\/53109"}],"wp:attachment":[{"href":"https:\/\/www.venilia.com\/de\/wp-json\/wp\/v2\/media?parent=49811"}],"wp:term":[{"taxonomy":"product_cat","embeddable":true,"href":"https:\/\/www.venilia.com\/de\/wp-json\/wp\/v2\/product_cat?post=49811"},{"taxonomy":"product_tag","embeddable":true,"href":"https:\/\/www.venilia.com\/de\/wp-json\/wp\/v2\/product_tag?post=49811"}],"curies":[{"name":"wp","href":"https:\/\/api.w.org\/{rel}","templated":true}]}}