{"id":49807,"date":"2023-11-02T16:44:51","date_gmt":"2023-11-02T15:44:51","guid":{"rendered":"https:\/\/www.venilia.com\/p\/vitrostatic-panorama-fensterfolie-glacier\/"},"modified":"2024-09-16T12:45:47","modified_gmt":"2024-09-16T10:45:47","slug":"vitrostatic-panorama-fensterfolie-glacier","status":"publish","type":"product","link":"https:\/\/www.venilia.com\/de\/p\/vitrostatic-panorama-fensterfolie-glacier\/","title":{"rendered":"Vitrostatic Panorama Fensterfolie Glacier"},"content":{"rendered":"<h2>Glasdekorfolien als Blickfang am Fenster<\/h2>\n<p>Die extrabreiten Panoramafolien mit tollen Landschaftsbildern sind ein echter Hingucker am Fenster. Die Motive lassen sich\u00a0von au\u00dfen und innen gleicherma\u00dfen gut erkennen und verleihen jeder Glasfl\u00e4che einen besonderen Touch. Vielseitig einsetzbar zur Dekoration oder als Sichtschutz im Wohn- und Sanit\u00e4rbereich.<\/p>\n<p>Die ohne Klebstoff, selbst haftenden Folien schirmen Sie vor indiskreten Blicken ab und sind gleichzeitig sehr lichtdurchl\u00e4ssig.\u00a0An der Innenseite von Fensterscheiben, an Duschkabinen, Glast\u00fcren oder\u00a0Winterg\u00e4rten angebracht, sch\u00fctzen und dekorieren sie zuverl\u00e4ssig. Die Dekorfolien\u00a0sind wasserbest\u00e4ndig und halten Temperaturunterschieden von +\/-20\u00b0 Grad problemlos stand, ohne sich zu l\u00f6sen. Sie k\u00f6nnen jederzeit\u00a0wieder entfernt\u00a0und neu fixiert werden.<\/p>\n","protected":false},"excerpt":{"rendered":"<ul>\n<li>MEHR PRIVATSPH\u00c4RE \u2013 Selbsthaftende Glasdekorfolie zum Schutz vor Blicken<\/li>\n<li>F\u00dcR GLASFL\u00c4CHEN \u2013 Wie Fensterscheiben, Glast\u00fcren und Duschkabinen<\/li>\n<li>LICHTDURCHL\u00c4SSIG \u2013 Die transparente Folie dunkelt die R\u00e4ume nicht ab, sondern l\u00e4sst weiterhin Licht durch. Sie h\u00e4lt gro\u00dfen Temperaturunterschieden, Sommer wie Winter, stand ohne sich zu l\u00f6sen.<\/li>\n<li>MADE IN EU \u2013 Entwicklung und Produktion in Europa. Phthalat frei und REACH-zertifiziert.<\/li>\n<li>ANBRINGUNG OHNE KLEBER \u2013 Glasfl\u00e4che reinigen. Schutzfolie abziehen. Glas und Folie mit Wasser benetzen, von innen nach au\u00dfen glattstreichen. R\u00fcckstandslos abl\u00f6sbar und wiederverwendbar.<\/li>\n<\/ul>\n","protected":false},"featured_media":49809,"template":"","meta":[],"product_cat":[1553,71,53,1534,1521,1522,1539],"product_tag":[],"wcpa_form_fields":null,"tiered_pricing_type":"fixed","tiered_pricing_fixed_rules":[],"_links":{"self":[{"href":"https:\/\/www.venilia.com\/de\/wp-json\/wp\/v2\/product\/49807"}],"collection":[{"href":"https:\/\/www.venilia.com\/de\/wp-json\/wp\/v2\/product"}],"about":[{"href":"https:\/\/www.venilia.com\/de\/wp-json\/wp\/v2\/types\/product"}],"wp:featuredmedia":[{"embeddable":true,"href":"https:\/\/www.venilia.com\/de\/wp-json\/wp\/v2\/media\/49809"}],"wp:attachment":[{"href":"https:\/\/www.venilia.com\/de\/wp-json\/wp\/v2\/media?parent=49807"}],"wp:term":[{"taxonomy":"product_cat","embeddable":true,"href":"https:\/\/www.venilia.com\/de\/wp-json\/wp\/v2\/product_cat?post=49807"},{"taxonomy":"product_tag","embeddable":true,"href":"https:\/\/www.venilia.com\/de\/wp-json\/wp\/v2\/product_tag?post=49807"}],"curies":[{"name":"wp","href":"https:\/\/api.w.org\/{rel}","templated":true}]}}